{"id":75,"date":"2022-09-21T02:53:54","date_gmt":"2022-09-21T05:53:54","guid":{"rendered":"https:\/\/adbrokerconsultoria.com.br\/?page_id=75"},"modified":"2022-09-22T20:56:16","modified_gmt":"2022-09-22T23:56:16","slug":"politica-de-privacidade","status":"publish","type":"page","link":"https:\/\/adbrokerconsultoria.com.br\/index.php\/politica-de-privacidade\/","title":{"rendered":"Pol\u00edtica de privacidade"},"content":{"rendered":"\t\t<div data-elementor-type=\"wp-page\" data-elementor-id=\"75\" class=\"elementor elementor-75\">\n\t\t\t\t\t\t\t\t\t<section class=\"elementor-section elementor-top-section elementor-element elementor-element-474fe08d elementor-section-boxed elementor-section-height-default elementor-section-height-default\" data-id=\"474fe08d\" data-element_type=\"section\" data-settings=\"{&quot;background_background&quot;:&quot;classic&quot;}\">\n\t\t\t\t\t\t<div class=\"elementor-container elementor-column-gap-default\">\n\t\t\t\t\t<div class=\"elementor-column elementor-col-100 elementor-top-column elementor-element elementor-element-3423d70b\" data-id=\"3423d70b\" data-element_type=\"column\">\n\t\t\t<div class=\"elementor-widget-wrap elementor-element-populated\">\n\t\t\t\t\t\t\t\t<div class=\"elementor-element elementor-element-bdb82dd elementor-widget elementor-widget-text-editor\" data-id=\"bdb82dd\" data-element_type=\"widget\" data-widget_type=\"text-editor.default\">\n\t\t\t\t<div class=\"elementor-widget-container\">\n\t\t\t<style>\/*! elementor - v3.17.0 - 01-11-2023 *\/\n.elementor-widget-text-editor.elementor-drop-cap-view-stacked .elementor-drop-cap{background-color:#69727d;color:#fff}.elementor-widget-text-editor.elementor-drop-cap-view-framed .elementor-drop-cap{color:#69727d;border:3px solid;background-color:transparent}.elementor-widget-text-editor:not(.elementor-drop-cap-view-default) .elementor-drop-cap{margin-top:8px}.elementor-widget-text-editor:not(.elementor-drop-cap-view-default) .elementor-drop-cap-letter{width:1em;height:1em}.elementor-widget-text-editor .elementor-drop-cap{float:left;text-align:center;line-height:1;font-size:50px}.elementor-widget-text-editor .elementor-drop-cap-letter{display:inline-block}<\/style>\t\t\t\t<!-- wp:heading -->\n<h4>INFORMA\u00c7\u00d5ES QUE PODEM SER RECOLHIDAS DE VOC\u00ca<\/h4>\n<!-- \/wp:heading --><!-- wp:paragraph -->\n<p>N\u00f3s podemos coletar e processar os seguintes dados sobre voc\u00ea:<br \/>As informa\u00e7\u00f5es que voc\u00ea fornecer atrav\u00e9s do preenchimento de formul\u00e1rios em nosso site www.adbrokerimoveis.com.br ou www.adbroker.com ou nosso software da tawk.to. Isso inclui informa\u00e7\u00f5es fornecidas no momento do registro para usar o nosso site, informa\u00e7\u00f5es fornecidas no uso do site ou software, utilizando o nosso servi\u00e7o, envio de material ou solicitar outros servi\u00e7os. As Informa\u00e7\u00f5es de troca de mensagens pelo nosso software adbroker ser\u00e3o armazenadas por 3 anos e fica dispon\u00edvel ao final da conversa.<\/p>\n<p>Se voc\u00ea entrar em contato conosco, poderemos manter um registro dessa correspond\u00eancia.<br \/>Detalhes de transa\u00e7\u00f5es que realizar atrav\u00e9s do nosso site e do cumprimento de todas as ordens.<br \/>Detalhes das suas visitas ao nosso site, incluindo, mas n\u00e3o limitado a, dados de tr\u00e1fego, dados de localiza\u00e7\u00e3o, weblogs e outros dados de comunica\u00e7\u00e3o, quer esta seja necess\u00e1ria para os nossos pr\u00f3prios fins de seguran\u00e7a ou de outra forma e os recursos que voc\u00ea acessa.<\/p>\n<!-- \/wp:paragraph --><!-- wp:heading -->\n<h4>INFORMA\u00c7\u00d5ES QUE PODEMOS RECOLHER<\/h4>\n<!-- \/wp:heading --><!-- wp:paragraph -->\n<p>N\u00f3s podemos recolher informa\u00e7\u00f5es sobre seu computador, incluindo, quando dispon\u00edvel, o endere\u00e7o IP, sistema operacional de seu computador, para a nossa administra\u00e7\u00e3o e garantia de seguranca dos sistemas. Estes s\u00e3o dados estat\u00edsticos sobre as a\u00e7\u00f5es dos nossos utilizadores de navega\u00e7\u00e3o e padr\u00f5es, e n\u00e3o o identificam ou a qualquer indiv\u00edduo.<\/p>\n<!-- \/wp:paragraph --><!-- wp:paragraph --><!-- \/wp:paragraph --><!-- wp:heading -->\n<h4>COOKIES<\/h4>\n<!-- \/wp:heading --><!-- wp:paragraph -->\n<p>O nosso site usa \u201ccookies\u201d para distingui-lo de outros usu\u00e1rios do nosso site. Os cookies podem coletar informa\u00e7\u00f5es sobre os usu\u00e1rios do nosso site como prefer\u00eancia de idioma e prefer\u00eancias do utilizador. Enquanto os cookies e as informa\u00e7\u00f5es que obt\u00eam n\u00e3o podem identificar um indiv\u00edduo vivo por conta pr\u00f3pria, O site do painel de administracao usa cookies de sess\u00e3o para fins de seguranca e navega\u00e7\u00e3o do site. Esses cookies expiram e s\u00e3o eliminadas no final de uma sess\u00e3o de navega\u00e7\u00e3o. N\u00f3s usamos o Google Analytics para fins de an\u00e1lise e controle do tr\u00e1fego.<\/p>\n<!-- \/wp:paragraph --><!-- wp:heading -->\n<h4>ONDE ARMAZENAMOS OS SEUS DADOS PESSOAIS<\/h4>\n<!-- \/wp:heading --><!-- wp:paragraph -->\n<p>Os dados que recolhemos de voc\u00ea n\u00e3o ser\u00e3o transferidos ou vendidos a outras empresas ou pessoas. Ele somente ser\u00e1 processado por colaboradores do adbroker e da tawk.to que trabalham para n\u00f3s ou para nossos fornecedores. Estas pessoas podem estar envolvidas, entre outras coisas, processando sua assinatura, processando dados de pagamento e \u00e0 presta\u00e7\u00e3o de servi\u00e7os de apoio. Ao enviar os seus dados pessoais, voc\u00ea concorda com esta transfer\u00eancia, armazenamento ou processamento. Vamos tomar todas as medidas necess\u00e1rias para assegurar que os seus dados sejam tratados com seguran\u00e7a e de acordo com esta pol\u00edtica de privacidade. Todas as informa\u00e7\u00f5es que voc\u00ea nos fornece s\u00e3o armazenadas nos nossos servidores seguros. Um servidor \u00e9 uma m\u00e1quina que, entre outras e processa dados ou informa\u00e7\u00f5es. Todas as comunica\u00e7\u00f5es ser\u00e3o criptografadas. <br \/>Infelizmente, a transmiss\u00e3o ou envio de informa\u00e7\u00f5es por voc\u00ea atrav\u00e9s da Internet n\u00e3o \u00e9 completamente segura. Embora fa\u00e7amos o nosso melhor para proteger seus dados pessoais, n\u00e3o podemos garantir a seguran\u00e7a de seus dados transmitidos ou enviados por voc\u00ea para o nosso site, qualquer transmiss\u00e3o ou envio por voc\u00ea \u00e9 a seu pr\u00f3prio risco. Assim que recebermos suas informa\u00e7\u00f5es, usaremos rigorosos procedimentos e recursos de seguran\u00e7a para tentar impedir o acesso n\u00e3o autorizado, ou seja, o acesso aos seus dados por uma pessoa que n\u00e3o deveria ter acesso.<\/p>\n<h4>UTILIZA\u00c7\u00d5ES DA INFORMA\u00c7\u00c3O<\/h4>\n<!-- \/wp:paragraph --><!-- wp:paragraph -->\n<p>N\u00f3s usamos as informa\u00e7\u00f5es armazenadas sobre voc\u00ea das seguintes maneiras:<br \/>Para realizar nossas obriga\u00e7\u00f5es ou deveres decorrentes de quaisquer contratos ou assinaturas celebrados entre n\u00f3s e voc\u00ea. Como por exemplo informacoes sobre Faturamento (Nota fiscal e boleto). Para notific\u00e1-lo sobre altera\u00e7\u00f5es em nossos servi\u00e7os.<\/p>\n<h4>DIVULGA\u00c7\u00c3O DAS SUAS INFORMA\u00c7\u00d5ES<\/h4>\n<p>Podemos revelar as suas informa\u00e7\u00f5es pessoais para terceiros:<br \/>No evento de emissao de Nota Fiscal Eletronica de Servicos com a Secretaria de Fazenda do Distrito Federal.<br \/>Para elaboracao de nossos demonstrativos contabeis com a Empresa DNA Cont\u00e1bil e Contaazul.<br \/>Se o adbroker ou substancialmente todos os seus ativos sejam adquiridos por terceiros, caso em que os dados pessoais detidos por ela sobre seus clientes ser\u00e1 um dos ativos transferidos.<br \/>Se estamos sob o dever de divulgar ou compartilhar seus dados pessoais, a fim de cumprir qualquer obriga\u00e7\u00e3o legal, ou para fazer cumprir ou aplicar os nossos termos de uso e outros acordos, ou para proteger os direitos, propriedade ou seguran\u00e7a do adbroker, nossos clientes, ou outros.<br \/>Se por motivos jur\u00eddicos for solicitada.<\/p>\n<h4>ACESSO \u00c0 INFORMA\u00c7\u00c3O<\/h4>\n<p>A lei lhe d\u00e1 o direito de acesso \u00e0 informa\u00e7\u00e3o detida sobre voc\u00ea. O seu direito de acesso pode ser exercido de acordo com a lei.<\/p>\n<h4>ALTERA\u00c7\u00d5ES \u00c0 NOSSA POL\u00cdTICA DE PRIVACIDADE<\/h4>\n<p>Quaisquer altera\u00e7\u00f5es que possamos fazer a nossa pol\u00edtica de privacidade no futuro ser\u00e3o publicadas nesta p\u00e1gina e, se for o caso, notificada a por e-mail.<\/p>\n<h4>CONTATO<\/h4>\n<p>Perguntas, coment\u00e1rios e pedidos relativos a esta pol\u00edtica de privacidade s\u00e3o bem-vindas e devem ser enviadas para encarregadoadbroker@gmail.com<\/p>\n<h4>COMPLIANCE<\/h4>\n<p>A palavra Compliance \u00e9 derivada do verbo em ingl\u00eas \u201cto comply\u201d que traduzida para o portugu\u00eas seria sin\u00f4nimo de \u201cCumprir\u201d ou \u201cEstar em conformidade\u201d.<\/p>\n<h4>DEN\u00daNCIA<\/h4>\n<p>Para registar seu relato, sua identifica\u00e7\u00e3o \u00e9 opcional. Entretanto, a identifica\u00e7\u00e3o \u00e9 importante para um processo de averigua\u00e7\u00e3o r\u00e1pido e objetivo, e sua identidade estar\u00e1 protegida perante quaisquer pessoas mencionadas no relato.<\/p>\n<p>Autorizo que a empresa AD BROKER utilize meus dados abaixo mencionados para entrar em contato.<\/p>\n<h4>OUVIDORIA<\/h4>\n<p>ELOGIO \u2013 RECLAMA\u00c7\u00c3O \u2013 SOLICITA\u00c7\u00c3O \u2013 SUGEST\u00c3O \u2013 INFORMA\u00c7\u00c3O<\/p>\n<p>As informa\u00e7\u00f5es aqui registradas devem ser identificadas, para acompanhamento do status e ser\u00e3o recebidas pela \u00e1rea de Controle Interno que tem o dever de efetuar o tratamento adequado de cada situa\u00e7\u00e3o pelas inst\u00e2ncias competentes.<\/p>\n<p>\u00a0<\/p>\n<p>A veracidade das informa\u00e7\u00f5es providas \u00e9 uma responsabilidade do relator. Todas as informa\u00e7\u00f5es ser\u00e3o verificadas durante o processo de averigua\u00e7\u00e3o e as a\u00e7\u00f5es decorrentes ser\u00e3o tomadas a crit\u00e9rio exclusivo da AD BROKER.<\/p>\n<p>\u00a0<\/p>\n<p>Acesse o formul\u00e1rio abaixo e entre em contato conosco.<\/p>\n<h4>TRABALHE CONOSCO<\/h4>\n<p>Deseja fazer parte da nossa equipe?<\/p>\n<!-- \/wp:paragraph -->\t\t\t\t\t\t<\/div>\n\t\t\t\t<\/div>\n\t\t\t\t\t<\/div>\n\t\t<\/div>\n\t\t\t\t\t\t\t<\/div>\n\t\t<\/section>\n\t\t\t\t\t\t\t<\/div>\n\t\t","protected":false},"excerpt":{"rendered":"<p>INFORMA\u00c7\u00d5ES QUE PODEM SER RECOLHIDAS DE VOC\u00ca N\u00f3s podemos coletar e processar os seguintes dados sobre voc\u00ea:As informa\u00e7\u00f5es que voc\u00ea fornecer atrav\u00e9s do preenchimento de formul\u00e1rios em nosso site www.adbrokerimoveis.com.br ou www.adbroker.com ou nosso software da tawk.to. Isso inclui informa\u00e7\u00f5es fornecidas no momento do registro para usar o nosso site, informa\u00e7\u00f5es fornecidas no uso do [&hellip;]<\/p>\n","protected":false},"author":1,"featured_media":0,"parent":0,"menu_order":0,"comment_status":"closed","ping_status":"closed","template":"elementor_header_footer","meta":{"om_disable_all_campaigns":false,"_mi_skip_tracking":false,"_monsterinsights_sitenote_active":false,"_monsterinsights_sitenote_note":"","_monsterinsights_sitenote_category":0,"_joinchat":[]},"aioseo_notices":[],"_links":{"self":[{"href":"https:\/\/adbrokerconsultoria.com.br\/index.php\/wp-json\/wp\/v2\/pages\/75"}],"collection":[{"href":"https:\/\/adbrokerconsultoria.com.br\/index.php\/wp-json\/wp\/v2\/pages"}],"about":[{"href":"https:\/\/adbrokerconsultoria.com.br\/index.php\/wp-json\/wp\/v2\/types\/page"}],"author":[{"embeddable":true,"href":"https:\/\/adbrokerconsultoria.com.br\/index.php\/wp-json\/wp\/v2\/users\/1"}],"replies":[{"embeddable":true,"href":"https:\/\/adbrokerconsultoria.com.br\/index.php\/wp-json\/wp\/v2\/comments?post=75"}],"version-history":[{"count":25,"href":"https:\/\/adbrokerconsultoria.com.br\/index.php\/wp-json\/wp\/v2\/pages\/75\/revisions"}],"predecessor-version":[{"id":681,"href":"https:\/\/adbrokerconsultoria.com.br\/index.php\/wp-json\/wp\/v2\/pages\/75\/revisions\/681"}],"wp:attachment":[{"href":"https:\/\/adbrokerconsultoria.com.br\/index.php\/wp-json\/wp\/v2\/media?parent=75"}],"curies":[{"name":"wp","href":"https:\/\/api.w.org\/{rel}","templated":true}]}}